{"id":642,"date":"2023-04-27T16:34:23","date_gmt":"2023-04-27T16:34:23","guid":{"rendered":"https:\/\/xn--gyncare-oxa.dk\/?page_id=642"},"modified":"2023-12-12T20:50:44","modified_gmt":"2023-12-12T20:50:44","slug":"behandling","status":"publish","type":"page","link":"https:\/\/gyn\u00e6care.dk\/?page_id=642","title":{"rendered":"Behandling"},"content":{"rendered":"\t\t<div data-elementor-type=\"wp-page\" data-elementor-id=\"642\" class=\"elementor elementor-642\">\n\t\t\t\t\t\t\t\t\t<section class=\"elementor-section elementor-top-section elementor-element elementor-element-7cb98c65 elementor-section-boxed elementor-section-height-default elementor-section-height-default\" data-id=\"7cb98c65\" data-element_type=\"section\" data-settings=\"{&quot;background_background&quot;:&quot;classic&quot;}\">\n\t\t\t\t\t\t<div class=\"elementor-container elementor-column-gap-no\">\n\t\t\t\t\t<div class=\"elementor-column elementor-col-100 elementor-top-column elementor-element elementor-element-7d4c555b\" data-id=\"7d4c555b\" data-element_type=\"column\">\n\t\t\t<div class=\"elementor-widget-wrap elementor-element-populated\">\n\t\t\t\t\t\t\t\t<div class=\"elementor-element elementor-element-608079d0 elementor-widget elementor-widget-heading\" data-id=\"608079d0\" data-element_type=\"widget\" data-widget_type=\"heading.default\">\n\t\t\t\t<div class=\"elementor-widget-container\">\n\t\t\t<style>\/*! elementor - v3.12.1 - 02-04-2023 *\/\n.elementor-heading-title{padding:0;margin:0;line-height:1}.elementor-widget-heading .elementor-heading-title[class*=elementor-size-]>a{color:inherit;font-size:inherit;line-height:inherit}.elementor-widget-heading .elementor-heading-title.elementor-size-small{font-size:15px}.elementor-widget-heading .elementor-heading-title.elementor-size-medium{font-size:19px}.elementor-widget-heading .elementor-heading-title.elementor-size-large{font-size:29px}.elementor-widget-heading .elementor-heading-title.elementor-size-xl{font-size:39px}.elementor-widget-heading .elementor-heading-title.elementor-size-xxl{font-size:59px}<\/style><h2 class=\"elementor-heading-title elementor-size-default\">Behandlinger<\/h2>\t\t<\/div>\n\t\t\t\t<\/div>\n\t\t\t\t\t<\/div>\n\t\t<\/div>\n\t\t\t\t\t\t\t<\/div>\n\t\t<\/section>\n\t\t\t\t<section class=\"elementor-section elementor-top-section elementor-element elementor-element-cb177ee elementor-section-boxed elementor-section-height-default elementor-section-height-default\" data-id=\"cb177ee\" data-element_type=\"section\" data-settings=\"{&quot;background_background&quot;:&quot;classic&quot;}\">\n\t\t\t\t\t\t<div class=\"elementor-container elementor-column-gap-no\">\n\t\t\t\t\t<div class=\"elementor-column elementor-col-100 elementor-top-column elementor-element elementor-element-5b21440e\" data-id=\"5b21440e\" data-element_type=\"column\">\n\t\t\t<div class=\"elementor-widget-wrap elementor-element-populated\">\n\t\t\t\t\t\t\t\t<section class=\"elementor-section elementor-inner-section elementor-element elementor-element-3ff7dfa6 elementor-section-boxed elementor-section-height-default elementor-section-height-default\" data-id=\"3ff7dfa6\" data-element_type=\"section\">\n\t\t\t\t\t\t<div class=\"elementor-container elementor-column-gap-no\">\n\t\t\t\t\t<div class=\"elementor-column elementor-col-50 elementor-inner-column elementor-element elementor-element-22bea811\" data-id=\"22bea811\" data-element_type=\"column\">\n\t\t\t<div class=\"elementor-widget-wrap elementor-element-populated\">\n\t\t\t\t\t\t\t\t<div class=\"elementor-element elementor-element-5673cc23 eael-infobox-content-align-left eael-infobox-shape-square eael-infobox-hover-img-shape-square elementor-invisible elementor-widget elementor-widget-eael-info-box\" data-id=\"5673cc23\" data-element_type=\"widget\" data-settings=\"{&quot;_animation&quot;:&quot;fadeInLeft&quot;}\" data-widget_type=\"eael-info-box.default\">\n\t\t\t\t<div class=\"elementor-widget-container\">\n\t\t\t        <div class=\"eael-infobox\">\n\t            <div class=\"infobox-icon\">\n\n                            <img decoding=\"async\" src=\"https:\/\/gyn\u00e6care.dk\/wp-content\/uploads\/2023\/12\/Logo-Hvid-2.png\" alt=\"\">\n            \n            \n            \n        <\/div>\n            <div class=\"infobox-content\">\n                            <h4 class=\"title\">Graviditet<\/h4>\n                                                                        <p><p><span style=\"font-weight: 400;\">Under en graviditet gennemg\u00e5r kroppen naturlige forandringer, og det kan f\u00f8les som om, man mister en vis grad af kontrol. Hver graviditet er unik, og hvordan disse forandringer m\u00e6rkes, varierer fra person til person. Dog er der meget, du selv kan g\u00f8re for at h\u00e5ndtere disse \u00e6ndrin<\/span><span style=\"font-weight: 400;\">ger.<\/span><\/p><p>\u00a0<\/p><p><span style=\"font-weight: 400;\">Mange oplever p\u00e5 et tidspunkt under graviditeten udfordringer som b\u00e6kken- og rygsmerter, tyngdefornemmelse, generelle smerter i b\u00e6kkenbunden samt inkontinens (besv\u00e6r med at holde p\u00e5 urin, luft og aff\u00f8ring). Det er vigtigt at understrege, at disse udfordringer ikke er farlige, men snarere naturlige forandringer i takt med den \u00f8gede belastning, is\u00e6r som f\u00f8lge af den voksende mave.<\/span><\/p><p>\u00a0<\/p><p><span style=\"font-weight: 400;\">Jeg er her for at give dig individuel vejledning om fysisk aktivitet og tr\u00e6ning under graviditeten, med s\u00e6rlig fokus p\u00e5 b\u00e6kkenbundstr\u00e6ning. Fysisk aktivitet er sundt og min prim\u00e6re opgave er at ruste dig med styrke og selvtillid, ogs\u00e5 i l\u00f8bet af din graviditet. Ved at tilpasse tr\u00e6ningen kan vi \u00f8ge sandsynligheden for et bedre forl\u00f8b b\u00e5de under graviditeten og efter f\u00f8dslen.<\/span><\/p><p>\u00a0<\/p><\/p>\n                                                                            <\/div>\n            <\/div>\n\n\t\t\t\t<\/div>\n\t\t\t\t<\/div>\n\t\t\t\t\t<\/div>\n\t\t<\/div>\n\t\t\t\t<div class=\"elementor-column elementor-col-50 elementor-inner-column elementor-element elementor-element-1e2128c1\" data-id=\"1e2128c1\" data-element_type=\"column\">\n\t\t\t<div class=\"elementor-widget-wrap elementor-element-populated\">\n\t\t\t\t\t\t\t\t<div class=\"elementor-element elementor-element-71cbf1b8 eael-infobox-content-align-left eael-infobox-shape-square eael-infobox-hover-img-shape-square elementor-invisible elementor-widget elementor-widget-eael-info-box\" data-id=\"71cbf1b8\" data-element_type=\"widget\" data-settings=\"{&quot;_animation&quot;:&quot;fadeInLeft&quot;}\" data-widget_type=\"eael-info-box.default\">\n\t\t\t\t<div class=\"elementor-widget-container\">\n\t\t\t        <div class=\"eael-infobox\">\n\t            <div class=\"infobox-icon\">\n\n                            <img decoding=\"async\" src=\"https:\/\/gyn\u00e6care.dk\/wp-content\/uploads\/2023\/12\/Logo-Hvid-3.png\" alt=\"\">\n            \n            \n            \n        <\/div>\n            <div class=\"infobox-content\">\n                            <h4 class=\"title\">Efterf\u00f8dsel<\/h4>\n                                                                        <p><p><span style=\"font-weight: 400;\">Jeg vil varmt anbefale et efterf\u00f8dselstjek efter din graviditet og f\u00f8dsel. Dette er ikke kun relevant for dig, der lige har f\u00f8dt. <\/span><span style=\"font-weight: 400;\"><br \/><\/span><span style=\"font-weight: 400;\">For dig, der oplever udfordringer som f.eks. besv\u00e6r med at holde p\u00e5 urin, luft og\/eller aff\u00f8ring, smerter i underlivet, ubehag ved samleje, gener efter kejsersnit, bristning eller generelt har sv\u00e6rt ved at etablere kontakt til b\u00e6kkenbunden. <\/span><span style=\"font-weight: 400;\"><br \/><\/span><span style=\"font-weight: 400;\">Det er ogs\u00e5 relevant, selv hvis du ikke oplever nogen specifikke gener, men har brug for et tryghedstjek.&lt;br&gt;<\/span><span style=\"font-weight: 400;\">Du vil f\u00e5 en grundig gennemgang af b\u00e6kkenbundens funktion og anatomi samt r\u00e5dgivning om genoptagelse af fysisk aktivitet og specifik b\u00e6kkenbundstr\u00e6ning, skr\u00e6ddersyet til dine individuelle behov. Det handler om at sikre, at du f\u00f8ler dig st\u00f8ttet og vejledt i din rejse mod en st\u00e6rk og sund b\u00e6kkenbund. Vi kommer rundt om lige pr\u00e6cis det du har brug for at tale om.<\/span><\/p><p>\u00a0<\/p><p>\u00a0<\/p><p>\u00a0<\/p><p>\u00a0<\/p><p>\u00a0<\/p><p>\u00a0<\/p><\/p>\n                                                                            <\/div>\n            <\/div>\n\n\t\t\t\t<\/div>\n\t\t\t\t<\/div>\n\t\t\t\t\t<\/div>\n\t\t<\/div>\n\t\t\t\t\t\t\t<\/div>\n\t\t<\/section>\n\t\t\t\t<section class=\"elementor-section elementor-inner-section elementor-element elementor-element-2293e625 elementor-section-boxed elementor-section-height-default elementor-section-height-default\" data-id=\"2293e625\" data-element_type=\"section\">\n\t\t\t\t\t\t<div class=\"elementor-container elementor-column-gap-no\">\n\t\t\t\t\t<div class=\"elementor-column elementor-col-50 elementor-inner-column elementor-element elementor-element-2915a3a5\" data-id=\"2915a3a5\" data-element_type=\"column\">\n\t\t\t<div class=\"elementor-widget-wrap elementor-element-populated\">\n\t\t\t\t\t\t\t\t<div class=\"elementor-element elementor-element-3da39ece eael-infobox-content-align-left eael-infobox-shape-square eael-infobox-hover-img-shape-square elementor-invisible elementor-widget elementor-widget-eael-info-box\" data-id=\"3da39ece\" data-element_type=\"widget\" data-settings=\"{&quot;_animation&quot;:&quot;fadeInLeft&quot;}\" data-widget_type=\"eael-info-box.default\">\n\t\t\t\t<div class=\"elementor-widget-container\">\n\t\t\t        <div class=\"eael-infobox\">\n\t            <div class=\"infobox-icon\">\n\n                            <img decoding=\"async\" src=\"https:\/\/gyn\u00e6care.dk\/wp-content\/uploads\/2023\/12\/Logo-Hvid-5.png\" alt=\"\">\n            \n            \n            \n        <\/div>\n            <div class=\"infobox-content\">\n                            <h4 class=\"title\">Underliv<\/h4>\n                                                                        <p><p><span style=\"font-weight: 400;\">M\u00e5ske har du har g\u00e5et med smerter i dit underliv i en kortere periode, m\u00e5ske det har st\u00e5et p\u00e5 i l\u00e6ngere tid. Smerter som begynder at p\u00e5virke din trivsel og livskvalitet betydeligt. Det er muligt, at du har f\u00f8dt for flere \u00e5r siden, men nu oplever gener, der p\u00e5virker din dagligdag. Dette kan inkludere udfordringer med at holde p\u00e5 urin, luft og\/eller aff\u00f8ring. Det kan ogs\u00e5 v\u00e6re, at samlivet med din partner er p\u00e5virket p\u00e5 grund af smerter, eller du oplever en nedsynkningsfornemmelse \u2013 dette er blot nogle eksempler. Faktum er at der er meget du selv kan g\u00f8re med den rette vejledning.<\/span><\/p><\/p>\n                                                                            <\/div>\n            <\/div>\n\n\t\t\t\t<\/div>\n\t\t\t\t<\/div>\n\t\t\t\t\t<\/div>\n\t\t<\/div>\n\t\t\t\t<div class=\"elementor-column elementor-col-50 elementor-inner-column elementor-element elementor-element-4bbd94a2\" data-id=\"4bbd94a2\" data-element_type=\"column\">\n\t\t\t<div class=\"elementor-widget-wrap elementor-element-populated\">\n\t\t\t\t\t\t\t\t<div class=\"elementor-element elementor-element-545400bf eael-infobox-content-align-left eael-infobox-shape-square eael-infobox-hover-img-shape-square elementor-invisible elementor-widget elementor-widget-eael-info-box\" data-id=\"545400bf\" data-element_type=\"widget\" data-settings=\"{&quot;_animation&quot;:&quot;fadeInLeft&quot;}\" data-widget_type=\"eael-info-box.default\">\n\t\t\t\t<div class=\"elementor-widget-container\">\n\t\t\t        <div class=\"eael-infobox\">\n\t            <div class=\"infobox-icon\">\n\n                            <img decoding=\"async\" src=\"https:\/\/gyn\u00e6care.dk\/wp-content\/uploads\/2023\/12\/Logo-Hvid-4.png\" alt=\"\">\n            \n            \n            \n        <\/div>\n            <div class=\"infobox-content\">\n                            <h4 class=\"title\">Afklarende samtale<\/h4>\n                                                                        <p><p><span style=\"font-weight: 400;\">Den afklarende samtale skal du se som en mulighed for vejledning og r\u00e5dgivning uanset problemstilling. Denne samtale vil foreg\u00e5 over telefonen, hvor jeg ringer dig op. Det kan v\u00e6re du ikke oplever de store gener, men alligevel har brug for r\u00e5d og vejledning. Der er ogs\u00e5 mulighed for at denne samtale leder til et fysisk fremm\u00f8de hjemme hos dig, hvis der vurderes behov for yderligere.<\/span><\/p><p>\u00a0<\/p><p>\u00a0<\/p><p>\u00a0<\/p><\/p>\n                                                                            <\/div>\n            <\/div>\n\n\t\t\t\t<\/div>\n\t\t\t\t<\/div>\n\t\t\t\t\t<\/div>\n\t\t<\/div>\n\t\t\t\t\t\t\t<\/div>\n\t\t<\/section>\n\t\t\t\t\t<\/div>\n\t\t<\/div>\n\t\t\t\t\t\t\t<\/div>\n\t\t<\/section>\n\t\t\t\t<section class=\"elementor-section elementor-top-section elementor-element elementor-element-65075bd elementor-section-boxed elementor-section-height-default elementor-section-height-default\" data-id=\"65075bd\" data-element_type=\"section\">\n\t\t\t\t\t\t<div class=\"elementor-container elementor-column-gap-default\">\n\t\t\t\t\t<div class=\"elementor-column elementor-col-100 elementor-top-column elementor-element elementor-element-a04a60f\" data-id=\"a04a60f\" data-element_type=\"column\">\n\t\t\t<div class=\"elementor-widget-wrap elementor-element-populated\">\n\t\t\t\t\t\t\t\t<div class=\"elementor-element elementor-element-655eabe0 elementor-widget elementor-widget-heading\" data-id=\"655eabe0\" data-element_type=\"widget\" data-widget_type=\"heading.default\">\n\t\t\t\t<div class=\"elementor-widget-container\">\n\t\t\t<h2 class=\"elementor-heading-title elementor-size-default\">Ofte stillede sp\u00f8rgsm\u00e5l<\/h2>\t\t<\/div>\n\t\t\t\t<\/div>\n\t\t\t\t\t<\/div>\n\t\t<\/div>\n\t\t\t\t\t\t\t<\/div>\n\t\t<\/section>\n\t\t\t\t<section class=\"elementor-section elementor-top-section elementor-element elementor-element-4d325d36 elementor-section-boxed elementor-section-height-default elementor-section-height-default\" data-id=\"4d325d36\" data-element_type=\"section\">\n\t\t\t\t\t\t<div class=\"elementor-container elementor-column-gap-no\">\n\t\t\t\t\t<div class=\"elementor-column elementor-col-50 elementor-top-column elementor-element elementor-element-209834a\" data-id=\"209834a\" data-element_type=\"column\">\n\t\t\t<div class=\"elementor-widget-wrap elementor-element-populated\">\n\t\t\t\t\t\t\t\t<div class=\"elementor-element elementor-element-3ba312a8 elementor-invisible elementor-widget elementor-widget-eael-adv-accordion\" data-id=\"3ba312a8\" data-element_type=\"widget\" data-settings=\"{&quot;_animation&quot;:&quot;fadeInRight&quot;}\" data-widget_type=\"eael-adv-accordion.default\">\n\t\t\t\t<div class=\"elementor-widget-container\">\n\t\t\t        <div class=\"eael-adv-accordion\" id=\"eael-adv-accordion-3ba312a8\" data-accordion-id=\"3ba312a8\" data-accordion-type=\"accordion\" data-toogle-speed=\"300\">\n    <div class=\"eael-accordion-list\">\n                <div id=\"hvad-er-gynkologisk-fysioterapi-og-hvad-kan-jeg-forvente-under-en-konsultation\" class=\"elementor-tab-title eael-accordion-header\" tabindex=\"1001\" data-tab=\"1\" aria-controls=\"elementor-tab-content-1001\"><span class=\"eael-accordion-tab-title\">Hvad er gyn\u00e6kologisk fysioterapi, og hvad kan jeg forvente under en konsultation?<\/span><span class=\"eael-advanced-accordion-icon-closed\"><i aria-hidden=\"true\" class=\"fa-accordion-icon fas fa-plus\"><\/i><\/span><span class=\"eael-advanced-accordion-icon-opened\"><i aria-hidden=\"true\" class=\"fa-accordion-icon fas fa-minus\"><\/i><\/span><\/div><div id=\"elementor-tab-content-1001\" class=\"eael-accordion-content clearfix\" data-tab=\"1\" aria-labelledby=\"hvad-er-gynkologisk-fysioterapi-og-hvad-kan-jeg-forvente-under-en-konsultation\"><p><p>Gyn\u00e6kologisk fysioterapi fokuserer p\u00e5 behandling af b\u00e6kkenrelaterede problemer hos kvinder. Under en konsultation vil du diskutere dine symptomer og behandles med \u00f8velser og teknikker.<\/p><\/p><\/div>\n                <\/div><div class=\"eael-accordion-list\">\n                <div id=\"hvornr-br-jeg-overveje-at-sge-hjlp-fra-en-gynkologisk-fysioterapeut\" class=\"elementor-tab-title eael-accordion-header\" tabindex=\"1002\" data-tab=\"2\" aria-controls=\"elementor-tab-content-1002\"><span class=\"eael-accordion-tab-title\">Hvorn\u00e5r b\u00f8r jeg overveje at s\u00f8ge hj\u00e6lp fra en gyn\u00e6kologisk fysioterapeut?<\/span><span class=\"eael-advanced-accordion-icon-closed\"><i aria-hidden=\"true\" class=\"fa-accordion-icon fas fa-plus\"><\/i><\/span><span class=\"eael-advanced-accordion-icon-opened\"><i aria-hidden=\"true\" class=\"fa-accordion-icon fas fa-minus\"><\/i><\/span><\/div><div id=\"elementor-tab-content-1002\" class=\"eael-accordion-content clearfix\" data-tab=\"2\" aria-labelledby=\"hvornr-br-jeg-overveje-at-sge-hjlp-fra-en-gynkologisk-fysioterapeut\"><p><p>Overvej at s\u00f8ge hj\u00e6lp, hvis du oplever b\u00e6kkenrelaterede smerter, inkontinens, seksuelle problemer eller efter graviditet og f\u00f8dsel.<\/p><\/p><\/div>\n                <\/div><div class=\"eael-accordion-list\">\n                <div id=\"hvilke-almindelige-problemer-eller-tilstande-kan-gynkologisk-fysioterapi-hjlpe-med-at-behandle\" class=\"elementor-tab-title eael-accordion-header\" tabindex=\"1003\" data-tab=\"3\" aria-controls=\"elementor-tab-content-1003\"><span class=\"eael-accordion-tab-title\">Hvilke almindelige problemer eller tilstande kan gyn\u00e6kologisk fysioterapi hj\u00e6lpe med at behandle?<\/span><span class=\"eael-advanced-accordion-icon-closed\"><i aria-hidden=\"true\" class=\"fa-accordion-icon fas fa-plus\"><\/i><\/span><span class=\"eael-advanced-accordion-icon-opened\"><i aria-hidden=\"true\" class=\"fa-accordion-icon fas fa-minus\"><\/i><\/span><\/div><div id=\"elementor-tab-content-1003\" class=\"eael-accordion-content clearfix\" data-tab=\"3\" aria-labelledby=\"hvilke-almindelige-problemer-eller-tilstande-kan-gynkologisk-fysioterapi-hjlpe-med-at-behandle\"><p><p>Gyn\u00e6kologisk fysioterapi behandler problemer som inkontinens, b\u00e6kkenbundsdysfunktion og smerteproblemer i b\u00e6kkenomr\u00e5det.<\/p><\/p><\/div>\n                <\/div><\/div>\t\t<\/div>\n\t\t\t\t<\/div>\n\t\t\t\t\t<\/div>\n\t\t<\/div>\n\t\t\t\t<div class=\"elementor-column elementor-col-50 elementor-top-column elementor-element elementor-element-11f816a\" data-id=\"11f816a\" data-element_type=\"column\">\n\t\t\t<div class=\"elementor-widget-wrap elementor-element-populated\">\n\t\t\t\t\t\t\t\t<div class=\"elementor-element elementor-element-e05d8e4 elementor-invisible elementor-widget elementor-widget-eael-adv-accordion\" data-id=\"e05d8e4\" data-element_type=\"widget\" data-settings=\"{&quot;_animation&quot;:&quot;fadeInRight&quot;}\" data-widget_type=\"eael-adv-accordion.default\">\n\t\t\t\t<div class=\"elementor-widget-container\">\n\t\t\t        <div class=\"eael-adv-accordion\" id=\"eael-adv-accordion-e05d8e4\" data-accordion-id=\"e05d8e4\" data-accordion-type=\"accordion\" data-toogle-speed=\"300\">\n    <div class=\"eael-accordion-list\">\n                <div id=\"hvordan-forbereder-jeg-mig-til-min-frste-konsultation\" class=\"elementor-tab-title eael-accordion-header\" tabindex=\"2351\" data-tab=\"1\" aria-controls=\"elementor-tab-content-2351\"><span class=\"eael-accordion-tab-title\">Hvordan forbereder jeg mig til min f\u00f8rste konsultation?<\/span><span class=\"eael-advanced-accordion-icon-closed\"><i aria-hidden=\"true\" class=\"fa-accordion-icon fas fa-plus\"><\/i><\/span><span class=\"eael-advanced-accordion-icon-opened\"><i aria-hidden=\"true\" class=\"fa-accordion-icon fas fa-minus\"><\/i><\/span><\/div><div id=\"elementor-tab-content-2351\" class=\"eael-accordion-content clearfix\" data-tab=\"1\" aria-labelledby=\"hvordan-forbereder-jeg-mig-til-min-frste-konsultation\"><p><p><span style=\"font-weight: 400;\">Du kan forvente en indvendig unders\u00f8gelse gennem skeden eller endetarmen. Dette er meget grundl\u00e6ggende for at kunne lave den rette behandlingsplan til dig. <\/span><\/p><\/p><\/div>\n                <\/div><div class=\"eael-accordion-list\">\n                <div id=\"hvordan-forbereder-jeg-mig-til-min-frste-konsultation\" class=\"elementor-tab-title eael-accordion-header\" tabindex=\"2352\" data-tab=\"2\" aria-controls=\"elementor-tab-content-2352\"><span class=\"eael-accordion-tab-title\">Hvordan forbereder jeg mig til min f\u00f8rste konsultation?<\/span><span class=\"eael-advanced-accordion-icon-closed\"><i aria-hidden=\"true\" class=\"fa-accordion-icon fas fa-plus\"><\/i><\/span><span class=\"eael-advanced-accordion-icon-opened\"><i aria-hidden=\"true\" class=\"fa-accordion-icon fas fa-minus\"><\/i><\/span><\/div><div id=\"elementor-tab-content-2352\" class=\"eael-accordion-content clearfix\" data-tab=\"2\" aria-labelledby=\"hvordan-forbereder-jeg-mig-til-min-frste-konsultation\"><p><p><span style=\"font-weight: 400;\">Du kan forvente en indvendig unders\u00f8gelse gennem skeden eller endetarmen. Dette er meget grundl\u00e6ggende for at kunne lave den rette behandlingsplan til dig. <\/span><\/p><\/p><\/div>\n                <\/div><div class=\"eael-accordion-list\">\n                <div id=\"jeg-er-usikker-p-om-du-kan-hjlpe-mig-hvad-skal-jeg-gre\" class=\"elementor-tab-title eael-accordion-header\" tabindex=\"2353\" data-tab=\"3\" aria-controls=\"elementor-tab-content-2353\"><span class=\"eael-accordion-tab-title\">Jeg er usikker p\u00e5 om du kan hj\u00e6lpe mig - hvad skal jeg g\u00f8re?<\/span><span class=\"eael-advanced-accordion-icon-closed\"><i aria-hidden=\"true\" class=\"fa-accordion-icon fas fa-plus\"><\/i><\/span><span class=\"eael-advanced-accordion-icon-opened\"><i aria-hidden=\"true\" class=\"fa-accordion-icon fas fa-minus\"><\/i><\/span><\/div><div id=\"elementor-tab-content-2353\" class=\"eael-accordion-content clearfix\" data-tab=\"3\" aria-labelledby=\"jeg-er-usikker-p-om-du-kan-hjlpe-mig-hvad-skal-jeg-gre\"><p><p><span style=\"font-weight: 400;\">Du er altid velkommen til at skrive til mig eller jeg kan ringe dig op. Sammen kan vi finde frem til hvad du har brug for. Udfyld kontaktformularen under \"bestil tid\" eller send mig en mail p\u00e5 kontakt@gyn\u00e6care.dk<\/span><\/p><\/p><\/div>\n                <\/div><\/div>\t\t<\/div>\n\t\t\t\t<\/div>\n\t\t\t\t\t<\/div>\n\t\t<\/div>\n\t\t\t\t\t\t\t<\/div>\n\t\t<\/section>\n\t\t\t\t\t\t\t<\/div>\n\t\t","protected":false},"excerpt":{"rendered":"<p>Behandlinger Graviditet Under en graviditet gennemg\u00e5r kroppen naturlige forandringer, og det kan f\u00f8les som om, man mister en vis grad af kontrol. Hver graviditet er unik, og hvordan disse forandringer m\u00e6rkes, varierer fra person til person. Dog er der meget, du selv kan g\u00f8re for at h\u00e5ndtere disse \u00e6ndringer. \u00a0 Mange oplever p\u00e5 et tidspunkt &hellip;<\/p>\n<p class=\"read-more\"> <a class=\"\" href=\"https:\/\/gyn\u00e6care.dk\/?page_id=642\"> <span class=\"screen-reader-text\">Behandling<\/span> Read More &raquo;<\/a><\/p>\n","protected":false},"author":1,"featured_media":0,"parent":0,"menu_order":0,"comment_status":"closed","ping_status":"closed","template":"","meta":{"om_disable_all_campaigns":false,"_mi_skip_tracking":false,"site-sidebar-layout":"no-sidebar","site-content-layout":"page-builder","ast-global-header-display":"","ast-main-header-display":"","ast-hfb-above-header-display":"","ast-hfb-below-header-display":"","ast-hfb-mobile-header-display":"","site-post-title":"disabled","ast-breadcrumbs-content":"","ast-featured-img":"disabled","footer-sml-layout":"","theme-transparent-header-meta":"","adv-header-id-meta":"","stick-header-meta":"","header-above-stick-meta":"","header-main-stick-meta":"","header-below-stick-meta":"","footnotes":""},"aioseo_notices":[],"_links":{"self":[{"href":"https:\/\/gyn\u00e6care.dk\/index.php?rest_route=\/wp\/v2\/pages\/642"}],"collection":[{"href":"https:\/\/gyn\u00e6care.dk\/index.php?rest_route=\/wp\/v2\/pages"}],"about":[{"href":"https:\/\/gyn\u00e6care.dk\/index.php?rest_route=\/wp\/v2\/types\/page"}],"author":[{"embeddable":true,"href":"https:\/\/gyn\u00e6care.dk\/index.php?rest_route=\/wp\/v2\/users\/1"}],"replies":[{"embeddable":true,"href":"https:\/\/gyn\u00e6care.dk\/index.php?rest_route=%2Fwp%2Fv2%2Fcomments&post=642"}],"version-history":[{"count":58,"href":"https:\/\/gyn\u00e6care.dk\/index.php?rest_route=\/wp\/v2\/pages\/642\/revisions"}],"predecessor-version":[{"id":1339,"href":"https:\/\/gyn\u00e6care.dk\/index.php?rest_route=\/wp\/v2\/pages\/642\/revisions\/1339"}],"wp:attachment":[{"href":"https:\/\/gyn\u00e6care.dk\/index.php?rest_route=%2Fwp%2Fv2%2Fmedia&parent=642"}],"curies":[{"name":"wp","href":"https:\/\/api.w.org\/{rel}","templated":true}]}}